{"id":3,"date":"2019-03-19T11:32:18","date_gmt":"2019-03-19T10:32:18","guid":{"rendered":"https:\/\/sikasch.de\/?page_id=3"},"modified":"2019-03-21T08:34:36","modified_gmt":"2019-03-21T07:34:36","slug":"datenschutzerklaerung","status":"publish","type":"page","link":"https:\/\/sikasch.de\/index.php\/datenschutzerklaerung\/","title":{"rendered":"Datenschutzerkl\u00e4rung"},"content":{"rendered":"\n<h1 class=\"wp-block-heading\">Datenschutz<\/h1>\n\n\n\n<p>Verantwortliche Stelle im Sinne der Datenschutzgesetze ist:<\/p>\n\n\n\n<p>Sigrid Schmitz, Friedenstr. 2, 53639 K\u00f6nigswinter<\/p>\n\n\n\n<h2 class=\"wp-block-heading\"><strong>Erfassung allgemeiner Informationen<\/strong><\/h2>\n\n\n\n<p>Wenn Sie auf unsere Webseite zugreifen, werden automatisch  Informationen allgemeiner Natur erfasst. Diese Informationen  (Server-Logfiles) beinhalten etwa die Art des Webbrowsers, das  verwendete Betriebssystem, den Domainnamen Ihres Internet Service  Providers und \u00c4hnliches. Hierbei handelt es sich ausschlie\u00dflich um  Informationen, welche keine R\u00fcckschl\u00fcsse auf Ihre Person zulassen. Diese  Informationen sind technisch notwendig, um von Ihnen angeforderte  Inhalte von Webseiten korrekt auszuliefern und fallen bei Nutzung des  Internets zwingend an. Anonyme Informationen dieser Art werden von uns  statistisch ausgewertet, um unseren Internetauftritt und die  dahinterstehende Technik zu optimieren. Diese Informationen beinhalten  im Einzelnen:<\/p>\n\n\n\n<p>  &#8211;  Informationen \u00fcber den Browsertyp und die verwendete Version<br>  &#8211;  Das Betriebssystem des Nutzers<br>  &#8211;  Den Internet-Service-Provider des Nutzers<br>  &#8211;  Die IP-Adresse des Nutzers<br>  &#8211;  Datum und Uhrzeit des Zugriffs<br>  &#8211;  Websites, von denen das System des Nutzers auf unsere Internetseite gelangt<br>  &#8211;  Websites, die vom System des Nutzers \u00fcber unsere Website aufgerufen werden<\/p>\n\n\n\n<h2 class=\"wp-block-heading\">Cookies<\/h2>\n\n\n\n<p>Wie viele andere Webseiten verwenden wir auch so genannte \u201eCookies\u201c. \nCookies sind kleine Textdateien, die von einem Webseitenserver auf Ihre \nFestplatte \u00fcbertragen werden. Hierdurch erhalten wir automatisch \nbestimmte Daten wie z. B. IP-Adresse, verwendeter Browser, \nBetriebssystem \u00fcber Ihren Computer und Ihre Verbindung zum Internet.<\/p>\n\n\n\n<p>Anhand der in Cookies enthaltenen Informationen k\u00f6nnen wir Ihnen die \nNavigation erleichtern und die korrekte Anzeige unserer Webseiten \nerm\u00f6glichen.<\/p>\n\n\n\n<p>In keinem Fall werden die von uns erfassten Daten an Dritte \nweitergegeben oder ohne Ihre Einwilligung eine Verkn\u00fcpfung mit \npersonenbezogenen Daten hergestellt.<\/p>\n\n\n\n<p>Nat\u00fcrlich k\u00f6nnen Sie unsere Website grunds\u00e4tzlich auch ohne Cookies \nbetrachten. Internet-Browser sind regelm\u00e4\u00dfig so eingestellt, dass sie \nCookies akzeptieren. Sie k\u00f6nnen die Verwendung von Cookies jederzeit \n\u00fcber die Einstellungen Ihres Browsers deaktivieren. Bitte verwenden Sie \ndie Hilfefunktionen Ihres Internetbrowsers, um zu erfahren, wie Sie \ndiese Einstellungen \u00e4ndern k\u00f6nnen. Bitte beachten Sie, dass einzelne \nFunktionen unserer Website m\u00f6glicherweise nicht funktionieren, wenn Sie \ndie Verwendung von Cookies deaktiviert haben.<br>\nSSL-Verschl\u00fcsselung<\/p>\n\n\n\n<p>Um die Sicherheit Ihrer Daten bei der \u00dcbertragung zu sch\u00fctzen,  verwenden wir dem aktuellen Stand der Technik entsprechende  Verschl\u00fcsselungsverfahren (z. B. SSL) \u00fcber HTTPS.<br><\/p>\n\n\n\n<h2 class=\"wp-block-heading\">Rechtsgrundlage f\u00fcr die Verarbeitung personenbezogener Daten<\/h2>\n\n\n\n<p>Soweit wir f\u00fcr Verarbeitungsvorg\u00e4nge personenbezogener Daten eine \nEinwilligung der betroffenen Person einholen, dient Art. 6 Abs. 1 lit. a\n EU-Datenschutzgrundverordnung (DSGVO) als Rechtsgrundlage f\u00fcr die \nVerarbeitung personenbezogener Daten.<\/p>\n\n\n\n<p>Bei der Verarbeitung von personenbezogenen Daten, die zur Erf\u00fcllung \neines Vertrages, dessen Vertragspartei die betroffene Person ist, \nerforderlich ist, dient Art. 6 Abs. 1 lit. b DSGVO als Rechtsgrundlage. \nDies gilt auch f\u00fcr Verarbeitungsvorg\u00e4nge, die zur Durchf\u00fchrung \nvorvertraglicher Ma\u00dfnahmen erforderlich sind.<\/p>\n\n\n\n<p>Soweit eine Verarbeitung personenbezogener Daten zur Erf\u00fcllung einer \nrechtlichen Verpflichtung erforderlich ist, der unser Unternehmen \nunterliegt, dient Art. 6 Abs. 1 lit. c DSGVO als Rechtsgrundlage.<br>\nF\u00fcr den Fall, dass lebenswichtige Interessen der betroffenen Person oder\n einer anderen nat\u00fcrlichen Person eine Verarbeitung personenbezogener \nDaten erforderlich machen, dient Art. 6 Abs. 1 lit. d DSGVO als \nRechtsgrundlage.<\/p>\n\n\n\n<p>Ist die Verarbeitung zur Wahrung eines berechtigten Interesses \nunseres Unternehmens oder eines Dritten erforderlich und \u00fcberwiegen die \nInteressen, Grundrechte und Grundfreiheiten des Betroffenen das \nerstgenannte Interesse nicht, so dient Art. 6 Abs. 1 lit. f DSGVO als \nRechtsgrundlage f\u00fcr die Verarbeitung. In diesem Fall sind unsere \nberechtigten Interessen neben den oben aufgef\u00fchrten Zwecken:<\/p>\n\n\n\n<p>  &#8211;  Schutz des Unternehmens vor matierellen oder immateriellen Sch\u00e4den<br>  &#8211;  Die Professionalisierung unserer Produkte und Dienstleistungen<br>  &#8211;  Kostenoptimierung.<\/p>\n\n\n\n<p>Weiterhin verarbeiten wir personenbezogene Daten, um handels- oder steuerrechtlichen Aufbewahrungspflichten nachzukommen.<br> F\u00fcr gesetzlich vorgeschriebene oder vertragliche Anforderungen haben wir  in den Eingabemasken auf unserer Webseite die jeweiligen Eingabefelder  gekennzeichnet, die von Ihnen zwingend auszuf\u00fcllen sind, damit wir den  von Ihnen gew\u00fcnschten Service erbringen k\u00f6nnen.<br><\/p>\n\n\n\n<h2 class=\"wp-block-heading\">Datenl\u00f6schung und Speicherdauer<\/h2>\n\n\n\n<p>Die personenbezogenen Daten der betroffenen Person werden gel\u00f6scht \noder gesperrt, sobald der Zweck der Speicherung entf\u00e4llt oder nicht mehr\n erforderlich ist. Dabei kann es vorkommen, dass personenbezogene Daten \nf\u00fcr die Zeit aufbewahrt werden, in der Anspr\u00fcche gegen unser Unternehmen\n geltend gemacht werden k\u00f6nnen (gesetzliche Verj\u00e4hrungsfristen k\u00f6nnen \nvon drei bis zu drei\u00dfig Jahren vorliegen).<\/p>\n\n\n\n<p>Eine Speicherung kann dar\u00fcber hinaus dann erfolgen, wenn dies durch  den europ\u00e4ischen oder nationalen Gesetzgeber in unionsrechtlichen  Verordnungen, Gesetzen oder sonstigen Vorschriften, denen der  Verantwortliche unterliegt, vorgesehen wurde.<br> Entsprechende Nachweis- und Aufbewahrungspflichten ergeben sich unter  anderem aus dem Handelsgesetzbuch, der Abgabenordnung und dem  Geldw\u00e4schegesetz. Die Speicherfristen betragen danach bis zu zehn Jahren.<\/p>\n\n\n\n<p>Eine Sperrung oder L\u00f6schung der Daten erfolgt auch dann, wenn eine  durch die genannten Normen vorgeschriebene Speicherfrist abl\u00e4uft, es sei  denn, dass eine Erforderlichkeit zur weiteren Speicherung der Daten f\u00fcr  einen Vertragsabschluss oder eine Vertragserf\u00fcllung besteht.<br><\/p>\n\n\n\n<h2 class=\"wp-block-heading\">Verwendung von Scriptbibliotheken (Google Webfonts)<\/h2>\n\n\n\n<p>Um unsere Inhalte browser\u00fcbergreifend korrekt und grafisch \nansprechend darzustellen, verwenden wir auf dieser Website \nScriptbibliotheken und Schriftbibliotheken wie z. B. Google Webfonts \n(https:\/\/www.google.com\/webfonts\/). Google Webfonts werden zur \nVermeidung mehrfachen Ladens in den Cache Ihres Browsers \u00fcbertragen. \nFalls der Browser die Google Webfonts nicht unterst\u00fctzt oder den Zugriff\n unterbindet, werden Inhalte in einer Standardschrift angezeigt.<\/p>\n\n\n\n<p>Der Aufruf von Scriptbibliotheken oder Schriftbibliotheken l\u00f6st \nautomatisch eine Verbindung zum Betreiber der Bibliothek aus. Dabei ist \nes theoretisch m\u00f6glich \u2013 aktuell allerdings auch unklar ob und ggf. zu \nwelchen Zwecken \u2013 dass Betreiber entsprechender Bibliotheken Daten \nerheben.<\/p>\n\n\n\n<p>Die Datenschutzrichtlinie des Bibliothekbetreibers Google finden Sie hier: https:\/\/www.google.com\/policies\/privacy\/<\/p>\n\n\n\n<h2 class=\"wp-block-heading\">\u00c4nderung unserer Datenschutzbestimmungen<\/h2>\n\n\n\n<p>Wir behalten uns vor, diese Datenschutzerkl\u00e4rung gelegentlich  anzupassen, damit sie stets den aktuellen rechtlichen Anforderungen  entspricht oder um \u00c4nderungen unserer Leistungen in der  Datenschutzerkl\u00e4rung umzusetzen, z. B. bei der Einf\u00fchrung neuer  Services. F\u00fcr Ihren erneuten Besuch gilt dann die neue  Datenschutzerkl\u00e4rung.<br> <\/p>\n\n\n\n<h2 class=\"wp-block-heading\">Widerspruchsrecht nach Art. 21 DSGVO<\/h2>\n\n\n\n<p>Sie haben das Recht, aus Gr\u00fcnden, die sich aus ihrer besonderen \nSituation ergeben, jederzeit gegen die Verarbeitung der Sie betreffenden\n personenbezogenen Daten, die aufgrund von Art. 6 Abs. 1 lit. e oder f \nDSGVO erfolgt, Widerspruch einzulegen; dies gilt auch f\u00fcr ein auf diese \nBestimmungen gest\u00fctztes Profiling.<\/p>\n\n\n\n<p>Der Verantwortliche verarbeitet die Sie betreffenden \npersonenbezogenen Daten nicht mehr, es sei denn, er kann zwingende \nschutzw\u00fcrdige Gr\u00fcnde f\u00fcr die Verarbeitung nachweisen, die Ihre \nInteressen, Rechte und Freiheiten \u00fcberwiegen, oder die Verarbeitung \ndient der Geltendmachung, Aus\u00fcbung oder Verteidigung von \nRechtsanspr\u00fcchen.<\/p>\n\n\n\n<p>Werden die Sie betreffenden personenbezogenen Daten verarbeitet, um  Direktwerbung zu betreiben, haben Sie das Recht, jederzeit Widerspruch  gegen die Verarbeitung der Sie betreffenden personenbezogenen Daten zum  Zwecke derartiger Werbung einzulegen; dies gilt auch f\u00fcr das Profiling,  soweit es mit solcher Direktwerbung in Verbindung steht.<br> Widersprechen Sie der Verarbeitung f\u00fcr Zwecke der Direktwerbung, so  werden die Sie betreffenden personenbezogenen Daten nicht mehr f\u00fcr diese  Zwecke verarbeitet.<br> Sie haben die M\u00f6glichkeit, im Zusammenhang mit der Nutzung von Diensten  der Informationsgesellschaft \u2013 ungeachtet der Richtlinie 2002\/58\/EG \u2013  Ihr Widerspruchsrecht mittels automatisierter Verfahren auszu\u00fcben, bei  denen technische Spezifikationen verwendet werden.<br> Bei Datenverarbeitung zu wissenschaftlichen, historischen oder statistischen Forschungszwecken:<br> Sie haben auch das Recht, aus Gr\u00fcnden, die sich aus Ihrer besonderen  Situation ergeben, bei der Verarbeitung Sie betreffender  personenbezogener Daten, die zu wissenschaftlichen oder historischen  Forschungszwecken oder zu statistischen Zwecken gem. Art. 89 Abs. 1  DSGVO erfolgt, dieser zu widersprechen.<br> Ihr Widerspruchsrecht kann insoweit beschr\u00e4nkt werden, als es  voraussichtlich die Verwirklichung der Forschungs- oder Statistikzwecke  unm\u00f6glich macht oder ernsthaft beeintr\u00e4chtigt und die Beschr\u00e4nkung f\u00fcr  die Erf\u00fcllung der Forschungs- oder Statistikzwecke notwendig ist.<br><\/p>\n\n\n\n<h2 class=\"wp-block-heading\">Rechte der betroffenen Person<\/h2>\n\n\n\n<p>F\u00fcr unser Unternehmen ist es ein wichtiges Anliegen, unsere Prozesse \nzur Verarbeitung personenbezogener Daten transparent zu gestalten. Daher\n weisen wir darauf hin, dass Sie neben dem Widerspruchsrecht weitere \nRechte bei Vorliegen der jeweiligen gesetzlichen Voraussetzungen aus\u00fcben\n k\u00f6nnen:<\/p>\n\n\n\n<p>  &#8211;  Recht auf Auskunft nach Art. 15 DSGVO<br>  &#8211;  Recht auf Berichtigung nach Art. 16 DSGVO<br>  &#8211;  Recht auf L\u00f6schung (\u201eRecht auf Vergessenwerden\u201c) nach Art. 17 DSGVO<br>  &#8211;  Recht auf Einschr\u00e4nkung der Verarbeitung nach Art. 18 DSGVO<br>  &#8211;  Recht auf Unterrichtung nach Art. 19 DSGVO<br>  &#8211;  Recht auf Daten\u00fcbertragbarkeit nach Art. 20 DSGVO<br>  &#8211;  (keine) automatisierte Entscheidung im Einzelfall einschlie\u00dflich Profiling nach Art. 21 DSGVO<\/p>\n\n\n\n<p>Um Ihre Rechte wahrzunehmen, k\u00f6nnen Sie sich per E-Mail an kontakt (klammeraffe) sikasch.de wenden.<br>Um Ihren Antrag bearbeiten zu k\u00f6nnen sowie zu Identifizierungszwecken,  weisen wir darauf hin, dass wir Ihre personenbezogenen Daten nach Art. 6  Abs. 1 lit. c DSGVO verarbeiten.<br><\/p>\n\n\n\n<h2 class=\"wp-block-heading\">Recht auf Beschwerde bei einer Aufsichtsbeh\u00f6rde<\/h2>\n\n\n\n<p>Unbeschadet eines anderweitigen verwaltungsrechtlichen oder \ngerichtlichen Rechtsbehelfs steht Ihnen das Recht auf Beschwerde bei \neiner Aufsichtsbeh\u00f6rde, insbesondere in dem Mitgliedstaat ihres \nAufenthaltsorts, ihres Arbeitsplatzes oder des Orts des mutma\u00dflichen \nVersto\u00dfes, zu, wenn Sie der Ansicht sind, dass die Verarbeitung der Sie \nbetreffenden personenbezogenen Daten gegen die DSGVO verst\u00f6\u00dft.<br>\nDie Aufsichtsbeh\u00f6rde, bei der die Beschwerde eingereicht wurde, \nunterrichtet den Beschwerdef\u00fchrer \u00fcber den Stand und die Ergebnisse der \nBeschwerde einschlie\u00dflich der M\u00f6glichkeit eines gerichtlichen \nRechtsbehelfs nach Art. 78 DSGVO.<\/p>\n\n\n\n<p>Diese ist erreichbar unter:<\/p>\n\n\n\n<p>Landesbeauftragte f\u00fcr Datenschutz und Informationsfreiheit<br>\nNordrhein-Westfalen<br>\nPostfach 20 04 44<br>\n40102 D\u00fcsseldorf<\/p>\n\n\n\n<p>E-Mail: poststelle@ldi.nrw.de<\/p>\n","protected":false},"excerpt":{"rendered":"<p>Datenschutz Verantwortliche Stelle im Sinne der Datenschutzgesetze ist: Sigrid Schmitz, Friedenstr. 2, 53639 K\u00f6nigswinter Erfassung allgemeiner Informationen Wenn Sie auf unsere Webseite zugreifen, werden automatisch Informationen allgemeiner Natur erfasst. Diese Informationen (Server-Logfiles) beinhalten etwa die Art des Webbrowsers, das verwendete Betriebssystem, den Domainnamen Ihres Internet Service Providers und \u00c4hnliches. Hierbei handelt es sich ausschlie\u00dflich um &hellip; <a href=\"https:\/\/sikasch.de\/index.php\/datenschutzerklaerung\/\" class=\"more-link\"><span class=\"screen-reader-text\">Datenschutzerkl\u00e4rung<\/span> weiterlesen <span class=\"meta-nav\">&rarr;<\/span><\/a><\/p>\n","protected":false},"author":1,"featured_media":0,"parent":0,"menu_order":0,"comment_status":"closed","ping_status":"open","template":"","meta":{"footnotes":""},"class_list":["post-3","page","type-page","status-publish","hentry"],"_links":{"self":[{"href":"https:\/\/sikasch.de\/index.php\/wp-json\/wp\/v2\/pages\/3","targetHints":{"allow":["GET"]}}],"collection":[{"href":"https:\/\/sikasch.de\/index.php\/wp-json\/wp\/v2\/pages"}],"about":[{"href":"https:\/\/sikasch.de\/index.php\/wp-json\/wp\/v2\/types\/page"}],"author":[{"embeddable":true,"href":"https:\/\/sikasch.de\/index.php\/wp-json\/wp\/v2\/users\/1"}],"replies":[{"embeddable":true,"href":"https:\/\/sikasch.de\/index.php\/wp-json\/wp\/v2\/comments?post=3"}],"version-history":[{"count":3,"href":"https:\/\/sikasch.de\/index.php\/wp-json\/wp\/v2\/pages\/3\/revisions"}],"predecessor-version":[{"id":75,"href":"https:\/\/sikasch.de\/index.php\/wp-json\/wp\/v2\/pages\/3\/revisions\/75"}],"wp:attachment":[{"href":"https:\/\/sikasch.de\/index.php\/wp-json\/wp\/v2\/media?parent=3"}],"curies":[{"name":"wp","href":"https:\/\/api.w.org\/{rel}","templated":true}]}}